{"id":359,"date":"2023-08-24T16:54:47","date_gmt":"2023-08-24T19:54:47","guid":{"rendered":"https:\/\/grendene.com.br\/sustentabilidade\/?page_id=359"},"modified":"2023-09-13T10:13:22","modified_gmt":"2023-09-13T13:13:22","slug":"valorizacao-e-respeito-as-pessoas","status":"publish","type":"page","link":"https:\/\/grendene.com.br\/sustentabilidade\/valorizacao-e-respeito-as-pessoas\/","title":{"rendered":"Valoriza\u00e7\u00e3o e respeito \u00e0s pessoas"},"content":{"rendered":"","protected":false},"excerpt":{"rendered":"","protected":false},"author":1,"featured_media":0,"parent":0,"menu_order":0,"comment_status":"closed","ping_status":"closed","template":"tpl-valuing-and-respecting-people.php","meta":{"inline_featured_image":false,"footnotes":""},"class_list":["post-359","page","type-page","status-publish","hentry"],"acf":[],"_links":{"self":[{"href":"https:\/\/grendene.com.br\/sustentabilidade\/wp-json\/wp\/v2\/pages\/359","targetHints":{"allow":["GET"]}}],"collection":[{"href":"https:\/\/grendene.com.br\/sustentabilidade\/wp-json\/wp\/v2\/pages"}],"about":[{"href":"https:\/\/grendene.com.br\/sustentabilidade\/wp-json\/wp\/v2\/types\/page"}],"author":[{"embeddable":true,"href":"https:\/\/grendene.com.br\/sustentabilidade\/wp-json\/wp\/v2\/users\/1"}],"replies":[{"embeddable":true,"href":"https:\/\/grendene.com.br\/sustentabilidade\/wp-json\/wp\/v2\/comments?post=359"}],"version-history":[{"count":10,"href":"https:\/\/grendene.com.br\/sustentabilidade\/wp-json\/wp\/v2\/pages\/359\/revisions"}],"predecessor-version":[{"id":611,"href":"https:\/\/grendene.com.br\/sustentabilidade\/wp-json\/wp\/v2\/pages\/359\/revisions\/611"}],"wp:attachment":[{"href":"https:\/\/grendene.com.br\/sustentabilidade\/wp-json\/wp\/v2\/media?parent=359"}],"curies":[{"name":"wp","href":"https:\/\/api.w.org\/{rel}","templated":true}]}}